{"id":23,"date":"2015-08-30T12:13:30","date_gmt":"2015-08-30T10:13:30","guid":{"rendered":"http:\/\/cdu-stade.de\/drochtersen\/?page_id=23"},"modified":"2021-05-05T13:42:03","modified_gmt":"2021-05-05T11:42:03","slug":"impressum","status":"publish","type":"page","link":"https:\/\/cdukvstade.de\/drochtersen\/impressum\/","title":{"rendered":"Impressum"},"content":{"rendered":"<h3>Dienstanbieter dieser Seiten ist die<\/h3>\n<p><strong>CDU Kreisverband Stade<br \/>\n<\/strong>Gemeindeverband Drochtersen<br \/>\nPoststr. 34<br \/>\n21682 Stade<\/p>\n<p>vertreten durch Kai Seefried.<br \/>\nInhaltlich Verantwortlicher gem\u00e4\u00df \u00a7 6 MDStV ist Kai Seefried<\/p>\n<p>Sie erreichen uns wie folgt:<br \/>\nTelefon: 04141 5186-0<br \/>\nTelefax: 04141 5186-16<br \/>\nE-Mail:&nbsp;<a href=\"mailto:%20info@cdu-stade.de\">info(at)cdu-stade(dot)de<\/a><\/p>\n<p>Bei dem Inhalt unserer Internetseiten handelt es sich um urheberrechtlich gesch\u00fctzte Werke. Die CDU- gestattet die \u00dcbernahme von Texten in Datenbest\u00e4nde, die ausschlie\u00dflich f\u00fcr den privaten Gebrauch eines Nutzers bestimmt sind. Die \u00dcbernahme und Nutzung der Daten zu anderen Zwecken bedarf der schriftlichen Zustimmung der Partei.<\/p>\n<p><strong>Haftungshinweis:&nbsp;<\/strong><br \/>\nIm Rahmen unseres Dienstes werden auch Links zu Internetinhalten anderer Anbieter bereitgestellt. Auf den Inhalt dieser Seiten haben wir keinen Einfluss; f\u00fcr den Inhalt ist ausschlie\u00dflich der Betreiber der anderen Website verantwortlich. Trotz der \u00dcberpr\u00fcfung der Inhalte im gesetzlich gebotenen Rahmen m\u00fcssen wir daher jede Verantwortung f\u00fcr den Inhalt dieser Links bzw. der verlinkten Seite ablehnen.<\/p>\n","protected":false},"excerpt":{"rendered":"<p>Dienstanbieter dieser Seiten ist die CDU Kreisverband Stade Gemeindeverband Drochtersen Poststr. 34 21682 Stade vertreten durch Kai Seefried. Inhaltlich Verantwortlicher gem\u00e4\u00df \u00a7 6 MDStV ist Kai Seefried Sie erreichen uns wie folgt: Telefon: 04141 5186-0 Telefax: 04141 5186-16 E-Mail:&nbsp;info(at)cdu-stade(dot)de Bei dem Inhalt unserer Internetseiten handelt es sich um urheberrechtlich gesch\u00fctzte Werke. Die CDU- gestattet die [&hellip;]<\/p>\n","protected":false},"author":1,"featured_media":0,"parent":0,"menu_order":0,"comment_status":"closed","ping_status":"closed","template":"","meta":{"ngg_post_thumbnail":0},"categories":[],"acf":[],"_links":{"self":[{"href":"https:\/\/cdukvstade.de\/drochtersen\/wp-json\/wp\/v2\/pages\/23"}],"collection":[{"href":"https:\/\/cdukvstade.de\/drochtersen\/wp-json\/wp\/v2\/pages"}],"about":[{"href":"https:\/\/cdukvstade.de\/drochtersen\/wp-json\/wp\/v2\/types\/page"}],"author":[{"embeddable":true,"href":"https:\/\/cdukvstade.de\/drochtersen\/wp-json\/wp\/v2\/users\/1"}],"replies":[{"embeddable":true,"href":"https:\/\/cdukvstade.de\/drochtersen\/wp-json\/wp\/v2\/comments?post=23"}],"version-history":[{"count":7,"href":"https:\/\/cdukvstade.de\/drochtersen\/wp-json\/wp\/v2\/pages\/23\/revisions"}],"predecessor-version":[{"id":1769,"href":"https:\/\/cdukvstade.de\/drochtersen\/wp-json\/wp\/v2\/pages\/23\/revisions\/1769"}],"wp:attachment":[{"href":"https:\/\/cdukvstade.de\/drochtersen\/wp-json\/wp\/v2\/media?parent=23"}],"wp:term":[{"taxonomy":"category","embeddable":true,"href":"https:\/\/cdukvstade.de\/drochtersen\/wp-json\/wp\/v2\/categories?post=23"}],"curies":[{"name":"wp","href":"https:\/\/api.w.org\/{rel}","templated":true}]}}